{"id":36,"date":"2021-02-16T18:49:07","date_gmt":"2021-02-16T16:49:07","guid":{"rendered":"https:\/\/catalegestudis.urv.cat\/inici\/"},"modified":"2022-07-07T12:46:22","modified_gmt":"2022-07-07T10:46:22","slug":"inici","status":"publish","type":"page","link":"https:\/\/catalegestudis.urv.cat\/en\/","title":{"rendered":"Inici"},"content":{"rendered":"","protected":false},"excerpt":{"rendered":"","protected":false},"author":1,"featured_media":0,"parent":0,"menu_order":0,"comment_status":"closed","ping_status":"closed","template":"template-home.php","meta":{"footnotes":""},"class_list":["post-36","page","type-page","status-publish","hentry"],"yoast_head":"<!-- This site is optimized with the Yoast SEO plugin v27.3 - https:\/\/yoast.com\/product\/yoast-seo-wordpress\/ -->\n<title>Cat\u00e0leg de graus, postgraus, m\u00e0sters i doctorats de la URV<\/title>\n<meta name=\"description\" content=\"Consulta el cat\u00e0leg virtual dels graus, postgraus, m\u00e0sters i doctorats de la Universitat Rovira i Virgili.\" \/>\n<meta name=\"robots\" content=\"index, follow, max-snippet:-1, max-image-preview:large, max-video-preview:-1\" \/>\n<link rel=\"canonical\" href=\"https:\/\/catalegestudis.urv.cat\/en\/\" \/>\n<meta property=\"og:locale\" content=\"en_US\" \/>\n<meta property=\"og:type\" content=\"article\" \/>\n<meta property=\"og:title\" content=\"Cat\u00e0leg de graus, postgraus, m\u00e0sters i doctorats de la URV\" \/>\n<meta property=\"og:description\" content=\"Consulta el cat\u00e0leg virtual dels graus, postgraus, m\u00e0sters i doctorats de la Universitat Rovira i Virgili.\" \/>\n<meta property=\"og:url\" content=\"https:\/\/catalegestudis.urv.cat\/en\/\" \/>\n<meta property=\"og:site_name\" content=\"Cat\u00e0legs estudis URV\" \/>\n<meta property=\"article:publisher\" content=\"https:\/\/www.facebook.com\/universitatURV\/\" \/>\n<meta property=\"article:modified_time\" content=\"2022-07-07T10:46:22+00:00\" \/>\n<meta name=\"twitter:card\" content=\"summary_large_image\" \/>\n<meta name=\"twitter:site\" content=\"@universitatURV\" \/>\n<script type=\"application\/ld+json\" class=\"yoast-schema-graph\">{\"@context\":\"https:\\\/\\\/schema.org\",\"@graph\":[{\"@type\":\"WebPage\",\"@id\":\"https:\\\/\\\/catalegestudis.urv.cat\\\/en\\\/\",\"url\":\"https:\\\/\\\/catalegestudis.urv.cat\\\/en\\\/\",\"name\":\"Cat\u00e0leg de graus, postgraus, m\u00e0sters i doctorats de la URV\",\"isPartOf\":{\"@id\":\"https:\\\/\\\/catalegestudis.urv.cat\\\/en\\\/#website\"},\"datePublished\":\"2021-02-16T16:49:07+00:00\",\"dateModified\":\"2022-07-07T10:46:22+00:00\",\"description\":\"Consulta el cat\u00e0leg virtual dels graus, postgraus, m\u00e0sters i doctorats de la Universitat Rovira i Virgili.\",\"breadcrumb\":{\"@id\":\"https:\\\/\\\/catalegestudis.urv.cat\\\/en\\\/#breadcrumb\"},\"inLanguage\":\"en-US\",\"potentialAction\":[{\"@type\":\"ReadAction\",\"target\":[\"https:\\\/\\\/catalegestudis.urv.cat\\\/en\\\/\"]}]},{\"@type\":\"BreadcrumbList\",\"@id\":\"https:\\\/\\\/catalegestudis.urv.cat\\\/en\\\/#breadcrumb\",\"itemListElement\":[{\"@type\":\"ListItem\",\"position\":1,\"name\":\"Inici\",\"item\":\"https:\\\/\\\/catalegestudis.urv.cat\\\/en\\\/\"},{\"@type\":\"ListItem\",\"position\":2,\"name\":\"Inici\"}]},{\"@type\":\"WebSite\",\"@id\":\"https:\\\/\\\/catalegestudis.urv.cat\\\/en\\\/#website\",\"url\":\"https:\\\/\\\/catalegestudis.urv.cat\\\/en\\\/\",\"name\":\"Cat\u00e0legs estudis URV\",\"description\":\"Cat\u00e0leg virtual dels estudis de la Universitat Rovira i Virgili\",\"publisher\":{\"@id\":\"https:\\\/\\\/catalegestudis.urv.cat\\\/en\\\/#organization\"},\"potentialAction\":[{\"@type\":\"SearchAction\",\"target\":{\"@type\":\"EntryPoint\",\"urlTemplate\":\"https:\\\/\\\/catalegestudis.urv.cat\\\/en\\\/?s={search_term_string}\"},\"query-input\":{\"@type\":\"PropertyValueSpecification\",\"valueRequired\":true,\"valueName\":\"search_term_string\"}}],\"inLanguage\":\"en-US\"},{\"@type\":\"Organization\",\"@id\":\"https:\\\/\\\/catalegestudis.urv.cat\\\/en\\\/#organization\",\"name\":\"Universitat Rovira i Virgili\",\"url\":\"https:\\\/\\\/catalegestudis.urv.cat\\\/en\\\/\",\"logo\":{\"@type\":\"ImageObject\",\"inLanguage\":\"en-US\",\"@id\":\"https:\\\/\\\/catalegestudis.urv.cat\\\/en\\\/#\\\/schema\\\/logo\\\/image\\\/\",\"url\":\"https:\\\/\\\/catalegestudis.urv.cat\\\/wp-content\\\/uploads\\\/2021\\\/03\\\/urv-apilat-color.png\",\"contentUrl\":\"https:\\\/\\\/catalegestudis.urv.cat\\\/wp-content\\\/uploads\\\/2021\\\/03\\\/urv-apilat-color.png\",\"width\":3125,\"height\":3105,\"caption\":\"Universitat Rovira i Virgili\"},\"image\":{\"@id\":\"https:\\\/\\\/catalegestudis.urv.cat\\\/en\\\/#\\\/schema\\\/logo\\\/image\\\/\"},\"sameAs\":[\"https:\\\/\\\/www.facebook.com\\\/universitatURV\\\/\",\"https:\\\/\\\/x.com\\\/universitatURV\",\"https:\\\/\\\/www.youtube.com\\\/canalURV\",\"https:\\\/\\\/www.instagram.com\\\/holaurv\\\/\"]}]}<\/script>\n<!-- \/ Yoast SEO plugin. -->","yoast_head_json":{"title":"Cat\u00e0leg de graus, postgraus, m\u00e0sters i doctorats de la URV","description":"Consulta el cat\u00e0leg virtual dels graus, postgraus, m\u00e0sters i doctorats de la Universitat Rovira i Virgili.","robots":{"index":"index","follow":"follow","max-snippet":"max-snippet:-1","max-image-preview":"max-image-preview:large","max-video-preview":"max-video-preview:-1"},"canonical":"https:\/\/catalegestudis.urv.cat\/en\/","og_locale":"en_US","og_type":"article","og_title":"Cat\u00e0leg de graus, postgraus, m\u00e0sters i doctorats de la URV","og_description":"Consulta el cat\u00e0leg virtual dels graus, postgraus, m\u00e0sters i doctorats de la Universitat Rovira i Virgili.","og_url":"https:\/\/catalegestudis.urv.cat\/en\/","og_site_name":"Cat\u00e0legs estudis URV","article_publisher":"https:\/\/www.facebook.com\/universitatURV\/","article_modified_time":"2022-07-07T10:46:22+00:00","twitter_card":"summary_large_image","twitter_site":"@universitatURV","schema":{"@context":"https:\/\/schema.org","@graph":[{"@type":"WebPage","@id":"https:\/\/catalegestudis.urv.cat\/en\/","url":"https:\/\/catalegestudis.urv.cat\/en\/","name":"Cat\u00e0leg de graus, postgraus, m\u00e0sters i doctorats de la URV","isPartOf":{"@id":"https:\/\/catalegestudis.urv.cat\/en\/#website"},"datePublished":"2021-02-16T16:49:07+00:00","dateModified":"2022-07-07T10:46:22+00:00","description":"Consulta el cat\u00e0leg virtual dels graus, postgraus, m\u00e0sters i doctorats de la Universitat Rovira i Virgili.","breadcrumb":{"@id":"https:\/\/catalegestudis.urv.cat\/en\/#breadcrumb"},"inLanguage":"en-US","potentialAction":[{"@type":"ReadAction","target":["https:\/\/catalegestudis.urv.cat\/en\/"]}]},{"@type":"BreadcrumbList","@id":"https:\/\/catalegestudis.urv.cat\/en\/#breadcrumb","itemListElement":[{"@type":"ListItem","position":1,"name":"Inici","item":"https:\/\/catalegestudis.urv.cat\/en\/"},{"@type":"ListItem","position":2,"name":"Inici"}]},{"@type":"WebSite","@id":"https:\/\/catalegestudis.urv.cat\/en\/#website","url":"https:\/\/catalegestudis.urv.cat\/en\/","name":"Cat\u00e0legs estudis URV","description":"Cat\u00e0leg virtual dels estudis de la Universitat Rovira i Virgili","publisher":{"@id":"https:\/\/catalegestudis.urv.cat\/en\/#organization"},"potentialAction":[{"@type":"SearchAction","target":{"@type":"EntryPoint","urlTemplate":"https:\/\/catalegestudis.urv.cat\/en\/?s={search_term_string}"},"query-input":{"@type":"PropertyValueSpecification","valueRequired":true,"valueName":"search_term_string"}}],"inLanguage":"en-US"},{"@type":"Organization","@id":"https:\/\/catalegestudis.urv.cat\/en\/#organization","name":"Universitat Rovira i Virgili","url":"https:\/\/catalegestudis.urv.cat\/en\/","logo":{"@type":"ImageObject","inLanguage":"en-US","@id":"https:\/\/catalegestudis.urv.cat\/en\/#\/schema\/logo\/image\/","url":"https:\/\/catalegestudis.urv.cat\/wp-content\/uploads\/2021\/03\/urv-apilat-color.png","contentUrl":"https:\/\/catalegestudis.urv.cat\/wp-content\/uploads\/2021\/03\/urv-apilat-color.png","width":3125,"height":3105,"caption":"Universitat Rovira i Virgili"},"image":{"@id":"https:\/\/catalegestudis.urv.cat\/en\/#\/schema\/logo\/image\/"},"sameAs":["https:\/\/www.facebook.com\/universitatURV\/","https:\/\/x.com\/universitatURV","https:\/\/www.youtube.com\/canalURV","https:\/\/www.instagram.com\/holaurv\/"]}]}},"_links":{"self":[{"href":"https:\/\/catalegestudis.urv.cat\/en\/wp-json\/wp\/v2\/pages\/36","targetHints":{"allow":["GET"]}}],"collection":[{"href":"https:\/\/catalegestudis.urv.cat\/en\/wp-json\/wp\/v2\/pages"}],"about":[{"href":"https:\/\/catalegestudis.urv.cat\/en\/wp-json\/wp\/v2\/types\/page"}],"author":[{"embeddable":true,"href":"https:\/\/catalegestudis.urv.cat\/en\/wp-json\/wp\/v2\/users\/1"}],"replies":[{"embeddable":true,"href":"https:\/\/catalegestudis.urv.cat\/en\/wp-json\/wp\/v2\/comments?post=36"}],"version-history":[{"count":63,"href":"https:\/\/catalegestudis.urv.cat\/en\/wp-json\/wp\/v2\/pages\/36\/revisions"}],"predecessor-version":[{"id":2478,"href":"https:\/\/catalegestudis.urv.cat\/en\/wp-json\/wp\/v2\/pages\/36\/revisions\/2478"}],"wp:attachment":[{"href":"https:\/\/catalegestudis.urv.cat\/en\/wp-json\/wp\/v2\/media?parent=36"}],"curies":[{"name":"wp","href":"https:\/\/api.w.org\/{rel}","templated":true}]}}